{"id":7,"date":"2011-05-23T12:30:59","date_gmt":"2011-05-23T12:30:59","guid":{"rendered":"http:\/\/osterbergagard.se\/?page_id=7"},"modified":"2025-09-06T14:01:48","modified_gmt":"2025-09-06T14:01:48","slug":"deutsch","status":"publish","type":"page","link":"https:\/\/osterbergagard.se\/?page_id=7","title":{"rendered":"Deutsch"},"content":{"rendered":"<p>Willkommen bei dem Hof \u00d6sterberga G\u00e5rd, gleich n\u00f6rdlich von Mariestad. Hier wohnt mann komfortabel in urt\u00fcmlicher, l\u00e4ndlicher Umgebung mit vielen bekannten Sehensw\u00fcrdigkeiten in der N\u00e4he. Diese Seite beschreibt unsere Bed &amp; Breakfast-T\u00e4tigkeit. Hier finden Sie Informationen dar\u00fcber, wo und wie Sie untergebracht sind, was es kostet und wie Sie buchen k\u00f6nnen. Hier finden Sie au\u00dferdem Informationen \u00fcber Badepl\u00e4tze, Fahrrad- und Kanuverleih etc. sowie Internet-Links zu den vielf\u00e4ltigen lokalen Sehensw\u00fcrdigkeiten und Attraktionen.<\/p>\n<p><strong>F\u00fcr Buchungen oder Fragen kontaktieren Sie mich telefonisch oder per E-Mail.<br \/>\n<\/strong><strong>(info@osterbergagard.se und 070-662 05 20)<\/strong><\/p>\n<p>(Nur Barzahlung und Vorbuchung)<\/p>\n<p style=\"text-align: center;\"><a href=\"http:\/\/media.osterbergagard.se\/2011\/05\/DSC07245.jpg\"><img loading=\"lazy\" decoding=\"async\" class=\"aligncenter  wp-image-156\" title=\"SONY DSC\" src=\"http:\/\/media.osterbergagard.se\/2011\/05\/DSC07245.jpg\" alt=\"\" width=\"640\" height=\"426\" srcset=\"http:\/\/media.osterbergagard.se\/2011\/05\/DSC07245.jpg 800w, http:\/\/media.osterbergagard.se\/2011\/05\/DSC07245-300x199.jpg 300w\" sizes=\"auto, (max-width: 640px) 100vw, 640px\" \/><\/a><\/p>\n","protected":false},"excerpt":{"rendered":"<p>Willkommen bei dem Hof \u00d6sterberga G\u00e5rd, gleich n\u00f6rdlich von Mariestad. Hier wohnt mann komfortabel in urt\u00fcmlicher, l\u00e4ndlicher Umgebung mit vielen bekannten Sehensw\u00fcrdigkeiten in der N\u00e4he. Diese Seite beschreibt unsere Bed &amp; Breakfast-T\u00e4tigkeit. Hier finden Sie Informationen dar\u00fcber, wo und wie Sie untergebracht sind, was es kostet und wie Sie buchen k\u00f6nnen. Hier finden Sie au\u00dferdem &hellip; <a class=\"read-excerpt\" href=\"https:\/\/osterbergagard.se\/?page_id=7\">Continue reading <span class=\"meta-nav\">&raquo;<\/span><\/a><\/p>\n","protected":false},"author":1,"featured_media":0,"parent":0,"menu_order":3,"comment_status":"closed","ping_status":"open","template":"","meta":{"footnotes":""},"class_list":["post-7","page","type-page","status-publish","hentry"],"_links":{"self":[{"href":"https:\/\/osterbergagard.se\/index.php?rest_route=\/wp\/v2\/pages\/7","targetHints":{"allow":["GET"]}}],"collection":[{"href":"https:\/\/osterbergagard.se\/index.php?rest_route=\/wp\/v2\/pages"}],"about":[{"href":"https:\/\/osterbergagard.se\/index.php?rest_route=\/wp\/v2\/types\/page"}],"author":[{"embeddable":true,"href":"https:\/\/osterbergagard.se\/index.php?rest_route=\/wp\/v2\/users\/1"}],"replies":[{"embeddable":true,"href":"https:\/\/osterbergagard.se\/index.php?rest_route=%2Fwp%2Fv2%2Fcomments&post=7"}],"version-history":[{"count":8,"href":"https:\/\/osterbergagard.se\/index.php?rest_route=\/wp\/v2\/pages\/7\/revisions"}],"predecessor-version":[{"id":287,"href":"https:\/\/osterbergagard.se\/index.php?rest_route=\/wp\/v2\/pages\/7\/revisions\/287"}],"wp:attachment":[{"href":"https:\/\/osterbergagard.se\/index.php?rest_route=%2Fwp%2Fv2%2Fmedia&parent=7"}],"curies":[{"name":"wp","href":"https:\/\/api.w.org\/{rel}","templated":true}]}}