{"id":21,"date":"2011-05-23T12:34:42","date_gmt":"2011-05-23T12:34:42","guid":{"rendered":"http:\/\/osterbergagard.se\/?page_id=21"},"modified":"2025-09-06T13:21:20","modified_gmt":"2025-09-06T13:21:20","slug":"information","status":"publish","type":"page","link":"https:\/\/osterbergagard.se\/?page_id=21","title":{"rendered":"Information"},"content":{"rendered":"<p><a href=\"http:\/\/media.osterbergagard.se\/2014\/05\/DSC07278-e1401310225837.jpg\"><br \/>\n\u00d6sterberga G\u00e5rd &#8211; Bed &amp; Breakfast, is situated in the Hamlet of Hassler\u00f6r about 5Km<\/a> north of Mariestad. Here, beside the E20, is a petrol station with a restaurant and a small<br \/>\nshop. The farm is just across the road, easily reached by foot and well sign posted.<\/p>\n<p>We have four double rooms which are situated in one of the wings of the farm. The wing<br \/>\nwas built in 1854 and still retains most of it\u00b4s original interior. There are two newly<br \/>\nbuilt bathrooms, at the entrance, which are shared with other guests staying in the wing.<\/p>\n<p>A room costs SEK 850 per night for 2 people sharing or SEK 500 per night for single occupancy. (Payment by cash only and rooms must be pre booked.) This includes towels, bed linen, cleaning and breakfast.\u00a0<a href=\"http:\/\/www.vastsverige.com\/sv\/mariestad\/products\/42514\/Osterberga-gard-Bed-Breakfast\/\" target=\"_blank\" rel=\"noopener\">Booking online<\/a>\u00a0(info@osterbergagard.se)<\/p>\n<p>Dogs are welcome but we charge 50SEK extra per night. A cot costs 250SEK per night. If you would like to rent the whole house, you can do so after reaching an agreement with us.<\/p>\n<p><a href=\"http:\/\/gulasidorna.eniro.se\/query?what=cs&amp;search_word=%D6sterberga+G%E5rd&amp;geo_area=Mariestad\" target=\"_blank\" rel=\"noopener\">Link to map (opens in new window)<\/a><\/p>\n<p style=\"text-align: center;\"><a href=\"http:\/\/media.osterbergagard.se\/2014\/05\/DSC07278-e1401310225837.jpg\"><img loading=\"lazy\" decoding=\"async\" class=\"aligncenter  wp-image-173\" src=\"http:\/\/media.osterbergagard.se\/2014\/05\/DSC07278-e1401310225837.jpg\" alt=\"SONY DSC\" width=\"513\" height=\"342\" \/><\/a><\/p>\n<p style=\"text-align: center;\"><a href=\"http:\/\/media.osterbergagard.se\/2011\/05\/DSC08634.jpg\"><img loading=\"lazy\" decoding=\"async\" class=\"aligncenter  wp-image-196\" src=\"http:\/\/media.osterbergagard.se\/2011\/05\/DSC08634.jpg\" alt=\"SONY DSC\" width=\"515\" height=\"343\" srcset=\"http:\/\/media.osterbergagard.se\/2011\/05\/DSC08634.jpg 1000w, http:\/\/media.osterbergagard.se\/2011\/05\/DSC08634-300x199.jpg 300w\" sizes=\"auto, (max-width: 515px) 100vw, 515px\" \/><\/a><\/p>\n","protected":false},"excerpt":{"rendered":"<p>\u00d6sterberga G\u00e5rd &#8211; Bed &amp; Breakfast, is situated in the Hamlet of Hassler\u00f6r about 5Km north of Mariestad. Here, beside the E20, is a petrol station with a restaurant and a small shop. The farm is just across the road, easily reached by foot and well sign posted. We have four double rooms which are &hellip; <a class=\"read-excerpt\" href=\"https:\/\/osterbergagard.se\/?page_id=21\">Continue reading <span class=\"meta-nav\">&raquo;<\/span><\/a><\/p>\n","protected":false},"author":1,"featured_media":0,"parent":5,"menu_order":1,"comment_status":"closed","ping_status":"open","template":"","meta":{"footnotes":""},"class_list":["post-21","page","type-page","status-publish","hentry"],"_links":{"self":[{"href":"https:\/\/osterbergagard.se\/index.php?rest_route=\/wp\/v2\/pages\/21","targetHints":{"allow":["GET"]}}],"collection":[{"href":"https:\/\/osterbergagard.se\/index.php?rest_route=\/wp\/v2\/pages"}],"about":[{"href":"https:\/\/osterbergagard.se\/index.php?rest_route=\/wp\/v2\/types\/page"}],"author":[{"embeddable":true,"href":"https:\/\/osterbergagard.se\/index.php?rest_route=\/wp\/v2\/users\/1"}],"replies":[{"embeddable":true,"href":"https:\/\/osterbergagard.se\/index.php?rest_route=%2Fwp%2Fv2%2Fcomments&post=21"}],"version-history":[{"count":11,"href":"https:\/\/osterbergagard.se\/index.php?rest_route=\/wp\/v2\/pages\/21\/revisions"}],"predecessor-version":[{"id":268,"href":"https:\/\/osterbergagard.se\/index.php?rest_route=\/wp\/v2\/pages\/21\/revisions\/268"}],"up":[{"embeddable":true,"href":"https:\/\/osterbergagard.se\/index.php?rest_route=\/wp\/v2\/pages\/5"}],"wp:attachment":[{"href":"https:\/\/osterbergagard.se\/index.php?rest_route=%2Fwp%2Fv2%2Fmedia&parent=21"}],"curies":[{"name":"wp","href":"https:\/\/api.w.org\/{rel}","templated":true}]}}