{"id":2,"date":"2011-05-20T11:19:58","date_gmt":"2011-05-20T11:19:58","guid":{"rendered":"http:\/\/osterbergagard.se\/?page_id=2"},"modified":"2025-09-06T13:53:14","modified_gmt":"2025-09-06T13:53:14","slug":"sample-page","status":"publish","type":"page","link":"https:\/\/osterbergagard.se\/","title":{"rendered":"Svenska"},"content":{"rendered":"<p>V\u00e4lkommen till \u00d6sterberga G\u00e5rd strax norr om Mariestad. H\u00e4r bor ni bekv\u00e4mt i gammal lantlig milj\u00f6 med m\u00e5nga k\u00e4nda turistm\u00e5l inom r\u00e4ckh\u00e5ll.<\/p>\n<p>Denna sida beskriver v\u00e5r Bed &amp; Breakfast- verksamhet. H\u00e4r finner du information om var och hur man bor, vad det kostar och hur du g\u00f6r f\u00f6r att boka.<\/p>\n<p>H\u00e4r finns ocks\u00e5 information om bl.a. bad, cyklar och kanoter, samt l\u00e4nkar till m\u00e5nga lokala sev\u00e4dheter och attraktioner.<\/p>\n<p><strong>F\u00f6r bokningar och allm\u00e4nna fr\u00e5gor kontakta via telefon eller epost<br \/>\n(info@osterbergagard.se och 070-662 05 20).<\/strong><\/p>\n<p>(OBS! Endast Swish, faktura eller kontant betalning. F\u00f6rbokning.)<\/p>\n<h3>\u00d6sterberga G\u00e5rd Bed &amp; Breakfast \u00f6nskar er alla en trevlig sommar!<\/h3>\n<p style=\"text-align: center;\"><a href=\"http:\/\/media.osterbergagard.se\/2011\/05\/DSC06988.jpg\"><img loading=\"lazy\" decoding=\"async\" class=\"aligncenter wp-image-255 size-medium\" src=\"http:\/\/media.osterbergagard.se\/2011\/05\/DSC06988-300x199.jpg\" alt=\"SONY DSC\" width=\"300\" height=\"199\" srcset=\"http:\/\/media.osterbergagard.se\/2011\/05\/DSC06988-300x199.jpg 300w, http:\/\/media.osterbergagard.se\/2011\/05\/DSC06988-540x360.jpg 540w, http:\/\/media.osterbergagard.se\/2011\/05\/DSC06988.jpg 1000w\" sizes=\"auto, (max-width: 300px) 100vw, 300px\" \/><\/a><\/p>\n<p style=\"text-align: center;\"><a href=\"http:\/\/media.osterbergagard.se\/2011\/05\/DSC07245.jpg\"><img loading=\"lazy\" decoding=\"async\" class=\"aligncenter wp-image-156 size-medium\" src=\"http:\/\/media.osterbergagard.se\/2011\/05\/DSC07245-300x199.jpg\" alt=\"SONY DSC\" width=\"300\" height=\"199\" srcset=\"http:\/\/media.osterbergagard.se\/2011\/05\/DSC07245-300x199.jpg 300w, http:\/\/media.osterbergagard.se\/2011\/05\/DSC07245.jpg 800w\" sizes=\"auto, (max-width: 300px) 100vw, 300px\" \/><\/a><\/p>\n<p style=\"text-align: center;\">\n","protected":false},"excerpt":{"rendered":"<p>V\u00e4lkommen till \u00d6sterberga G\u00e5rd strax norr om Mariestad. H\u00e4r bor ni bekv\u00e4mt i gammal lantlig milj\u00f6 med m\u00e5nga k\u00e4nda turistm\u00e5l inom r\u00e4ckh\u00e5ll. Denna sida beskriver v\u00e5r Bed &amp; Breakfast- verksamhet. H\u00e4r finner du information om var och hur man bor, vad det kostar och hur du g\u00f6r f\u00f6r att boka. H\u00e4r finns ocks\u00e5 information om &hellip; <a class=\"read-excerpt\" href=\"https:\/\/osterbergagard.se\/\">Continue reading <span class=\"meta-nav\">&raquo;<\/span><\/a><\/p>\n","protected":false},"author":1,"featured_media":0,"parent":0,"menu_order":1,"comment_status":"closed","ping_status":"open","template":"","meta":{"footnotes":""},"class_list":["post-2","page","type-page","status-publish","hentry"],"_links":{"self":[{"href":"https:\/\/osterbergagard.se\/index.php?rest_route=\/wp\/v2\/pages\/2","targetHints":{"allow":["GET"]}}],"collection":[{"href":"https:\/\/osterbergagard.se\/index.php?rest_route=\/wp\/v2\/pages"}],"about":[{"href":"https:\/\/osterbergagard.se\/index.php?rest_route=\/wp\/v2\/types\/page"}],"author":[{"embeddable":true,"href":"https:\/\/osterbergagard.se\/index.php?rest_route=\/wp\/v2\/users\/1"}],"replies":[{"embeddable":true,"href":"https:\/\/osterbergagard.se\/index.php?rest_route=%2Fwp%2Fv2%2Fcomments&post=2"}],"version-history":[{"count":29,"href":"https:\/\/osterbergagard.se\/index.php?rest_route=\/wp\/v2\/pages\/2\/revisions"}],"predecessor-version":[{"id":283,"href":"https:\/\/osterbergagard.se\/index.php?rest_route=\/wp\/v2\/pages\/2\/revisions\/283"}],"wp:attachment":[{"href":"https:\/\/osterbergagard.se\/index.php?rest_route=%2Fwp%2Fv2%2Fmedia&parent=2"}],"curies":[{"name":"wp","href":"https:\/\/api.w.org\/{rel}","templated":true}]}}