{"id":16,"date":"2011-05-23T12:33:12","date_gmt":"2011-05-23T12:33:12","guid":{"rendered":"http:\/\/osterbergagard.se\/?page_id=16"},"modified":"2025-09-06T13:20:48","modified_gmt":"2025-09-06T13:20:48","slug":"kontakt","status":"publish","type":"page","link":"https:\/\/osterbergagard.se\/?page_id=16","title":{"rendered":"Kontakt"},"content":{"rendered":"<p><iframe loading=\"lazy\" src=\"http:\/\/maps.google.com\/maps?client=safari&amp;q=%C3%B6sterberga+g%C3%A5rd+mariestad&amp;oe=UTF-8&amp;ie=UTF8&amp;hl=sv&amp;hq=%C3%B6sterberga+g%C3%A5rd&amp;hnear=Mariestad,+V%C3%A4stra+G%C3%B6talands+l%C3%A4n,+Sverige&amp;t=m&amp;cid=6774070188885695003&amp;ll=58.733292,13.900108&amp;spn=0.062367,0.205994&amp;z=12&amp;iwloc=A&amp;output=embed\" frameborder=\"0\" marginwidth=\"0\" marginheight=\"0\" scrolling=\"no\" width=\"600\" height=\"350\"><\/iframe><br \/>\n<small><a style=\"color: #0000ff; text-align: left;\" href=\"http:\/\/maps.google.com\/maps?client=safari&amp;q=%C3%B6sterberga+g%C3%A5rd+mariestad&amp;oe=UTF-8&amp;ie=UTF8&amp;hl=sv&amp;hq=%C3%B6sterberga+g%C3%A5rd&amp;hnear=Mariestad,+V%C3%A4stra+G%C3%B6talands+l%C3%A4n,+Sverige&amp;t=m&amp;cid=6774070188885695003&amp;ll=58.733292,13.900108&amp;spn=0.062367,0.205994&amp;z=12&amp;iwloc=A&amp;source=embed\">Visa st\u00f6rre karta<\/a><\/small><\/p>\n<p>Adress:<br \/>\n\u00d6sterberga G\u00e5rd<br \/>\n542 92 Mariestad<\/p>\n<p>Telefon: 0501-205 00<br \/>\nE-mail:\u00a0<a href=\"mailto:info@osterbergagard.se\">info@osterbergagard.se<\/a><\/p>\n<p><a href=\"http:\/\/media.osterbergagard.se\/2011\/05\/DSC07538.jpg\"><img loading=\"lazy\" decoding=\"async\" class=\"alignnone  wp-image-145\" title=\"SONY DSC\" src=\"http:\/\/media.osterbergagard.se\/2011\/05\/DSC07538.jpg\" alt=\"\" width=\"288\" height=\"433\" srcset=\"http:\/\/media.osterbergagard.se\/2011\/05\/DSC07538.jpg 800w, http:\/\/media.osterbergagard.se\/2011\/05\/DSC07538-199x300.jpg 199w, http:\/\/media.osterbergagard.se\/2011\/05\/DSC07538-681x1024.jpg 681w\" sizes=\"auto, (max-width: 288px) 100vw, 288px\" \/><\/a><\/p>\n<p>V\u00e4lkommen! MVH Lillan<\/p>\n","protected":false},"excerpt":{"rendered":"<p>Visa st\u00f6rre karta Adress: \u00d6sterberga G\u00e5rd 542 92 Mariestad Telefon: 0501-205 00 E-mail:\u00a0info@osterbergagard.se V\u00e4lkommen! MVH Lillan<\/p>\n","protected":false},"author":1,"featured_media":0,"parent":2,"menu_order":4,"comment_status":"closed","ping_status":"open","template":"","meta":{"footnotes":""},"class_list":["post-16","page","type-page","status-publish","hentry"],"_links":{"self":[{"href":"https:\/\/osterbergagard.se\/index.php?rest_route=\/wp\/v2\/pages\/16","targetHints":{"allow":["GET"]}}],"collection":[{"href":"https:\/\/osterbergagard.se\/index.php?rest_route=\/wp\/v2\/pages"}],"about":[{"href":"https:\/\/osterbergagard.se\/index.php?rest_route=\/wp\/v2\/types\/page"}],"author":[{"embeddable":true,"href":"https:\/\/osterbergagard.se\/index.php?rest_route=\/wp\/v2\/users\/1"}],"replies":[{"embeddable":true,"href":"https:\/\/osterbergagard.se\/index.php?rest_route=%2Fwp%2Fv2%2Fcomments&post=16"}],"version-history":[{"count":8,"href":"https:\/\/osterbergagard.se\/index.php?rest_route=\/wp\/v2\/pages\/16\/revisions"}],"predecessor-version":[{"id":275,"href":"https:\/\/osterbergagard.se\/index.php?rest_route=\/wp\/v2\/pages\/16\/revisions\/275"}],"up":[{"embeddable":true,"href":"https:\/\/osterbergagard.se\/index.php?rest_route=\/wp\/v2\/pages\/2"}],"wp:attachment":[{"href":"https:\/\/osterbergagard.se\/index.php?rest_route=%2Fwp%2Fv2%2Fmedia&parent=16"}],"curies":[{"name":"wp","href":"https:\/\/api.w.org\/{rel}","templated":true}]}}