{"id":14,"date":"2011-05-23T12:32:51","date_gmt":"2011-05-23T12:32:51","guid":{"rendered":"http:\/\/osterbergagard.se\/?page_id=14"},"modified":"2025-09-06T13:20:19","modified_gmt":"2025-09-06T13:20:19","slug":"aktiviteter","status":"publish","type":"page","link":"https:\/\/osterbergagard.se\/?page_id=14","title":{"rendered":"Aktiviteter"},"content":{"rendered":"<p>Till Snapens friluftsg\u00e5rd tar det 15 minuter att cykla. D\u00e4r finns bad, bastu, kanoter, motionssp\u00e5r och servering.<\/p>\n<p>\u00c5ker man lite l\u00e4ngre kommer man till Tors\u00f6 med m\u00e5nga vackra str\u00e4nder och sk\u00f6n natur.<\/p>\n<p>Bland andra trevliga utflyktsm\u00e5l p\u00e5 cykelavst\u00e5nd finns Sj\u00f6torp intill G\u00f6ta kanal och Mariestads centrum med sin vackra hamn. Vill ni bes\u00f6ka n\u00e5gon av Mariestads trevliga restauranger s\u00e5 hj\u00e4lper Lillan mer \u00e4n g\u00e4rna till med bord och best\u00e4llningar.<\/p>\n<p>F\u00f6r barnfamiljen finns Skara Sommarland\u00a0inom ett avst\u00e5nd p\u00e5 ca 40 minuter med bil.<\/p>\n<p>F\u00f6r den som vill g\u00f6ra l\u00e4ngre utflykter finns m\u00e5nga olika m\u00f6jligheter. F\u00f6lj g\u00e4rna v\u00e5ra l\u00e4nkar till information om andra utflyktsm\u00e5l:<\/p>\n<p><a href=\"http:\/\/www.lackoslott.se\/\" target=\"_blank\">L\u00e4ck\u00f6 Slott<\/a> |\u00a0<a href=\"http:\/\/www.mariestad.se\/\" target=\"_blank\">Mariestad<\/a> |\u00a0<a href=\"http:\/\/www.mariestadsgk.se\" target=\"_blank\">Mariestads Golfklubb<\/a> |\u00a0<a href=\"http:\/\/www.torebodagolfklubb.se\/\" target=\"_blank\">T\u00f6reboda Golfklubb<\/a> |\u00a0<a href=\"http:\/\/www.vastsverige.com\/sv\/mariestad\/products\/42725\/Vadsbo-Museum-och-Mariestads-Industrimuseum\/\" target=\"_blank\">Vadsbo Museum<\/a> |\u00a0<a href=\"http:\/\/www.sommarland.se\/\" target=\"_blank\">Skara Sommarland<\/a> |\u00a0<a href=\"http:\/\/www.gotakanal.se\/\" target=\"_blank\">G\u00f6ta Kanal<\/a><\/p>\n<p style=\"text-align: center;\"><a href=\"http:\/\/media.osterbergagard.se\/2011\/05\/DSC07302.jpg\"><img loading=\"lazy\" decoding=\"async\" class=\"aligncenter  wp-image-152\" title=\"SONY DSC\" src=\"http:\/\/media.osterbergagard.se\/2011\/05\/DSC07302.jpg\" alt=\"\" width=\"563\" height=\"375\" srcset=\"http:\/\/media.osterbergagard.se\/2011\/05\/DSC07302.jpg 800w, http:\/\/media.osterbergagard.se\/2011\/05\/DSC07302-300x199.jpg 300w\" sizes=\"auto, (max-width: 563px) 100vw, 563px\" \/><\/a><\/p>\n","protected":false},"excerpt":{"rendered":"<p>Till Snapens friluftsg\u00e5rd tar det 15 minuter att cykla. D\u00e4r finns bad, bastu, kanoter, motionssp\u00e5r och servering. \u00c5ker man lite l\u00e4ngre kommer man till Tors\u00f6 med m\u00e5nga vackra str\u00e4nder och sk\u00f6n natur. Bland andra trevliga utflyktsm\u00e5l p\u00e5 cykelavst\u00e5nd finns Sj\u00f6torp intill G\u00f6ta kanal och Mariestads centrum med sin vackra hamn. Vill ni bes\u00f6ka n\u00e5gon av &hellip; <a class=\"read-excerpt\" href=\"https:\/\/osterbergagard.se\/?page_id=14\">Continue reading <span class=\"meta-nav\">&raquo;<\/span><\/a><\/p>\n","protected":false},"author":1,"featured_media":0,"parent":2,"menu_order":3,"comment_status":"closed","ping_status":"open","template":"","meta":{"footnotes":""},"class_list":["post-14","page","type-page","status-publish","hentry"],"_links":{"self":[{"href":"https:\/\/osterbergagard.se\/index.php?rest_route=\/wp\/v2\/pages\/14","targetHints":{"allow":["GET"]}}],"collection":[{"href":"https:\/\/osterbergagard.se\/index.php?rest_route=\/wp\/v2\/pages"}],"about":[{"href":"https:\/\/osterbergagard.se\/index.php?rest_route=\/wp\/v2\/types\/page"}],"author":[{"embeddable":true,"href":"https:\/\/osterbergagard.se\/index.php?rest_route=\/wp\/v2\/users\/1"}],"replies":[{"embeddable":true,"href":"https:\/\/osterbergagard.se\/index.php?rest_route=%2Fwp%2Fv2%2Fcomments&post=14"}],"version-history":[{"count":12,"href":"https:\/\/osterbergagard.se\/index.php?rest_route=\/wp\/v2\/pages\/14\/revisions"}],"predecessor-version":[{"id":246,"href":"https:\/\/osterbergagard.se\/index.php?rest_route=\/wp\/v2\/pages\/14\/revisions\/246"}],"up":[{"embeddable":true,"href":"https:\/\/osterbergagard.se\/index.php?rest_route=\/wp\/v2\/pages\/2"}],"wp:attachment":[{"href":"https:\/\/osterbergagard.se\/index.php?rest_route=%2Fwp%2Fv2%2Fmedia&parent=14"}],"curies":[{"name":"wp","href":"https:\/\/api.w.org\/{rel}","templated":true}]}}