{"id":29,"date":"2011-05-23T12:36:12","date_gmt":"2011-05-23T12:36:12","guid":{"rendered":"http:\/\/osterbergagard.se\/?page_id=29"},"modified":"2025-09-06T13:22:51","modified_gmt":"2025-09-06T13:22:51","slug":"info","status":"publish","type":"page","link":"http:\/\/osterbergagard.se\/?page_id=29","title":{"rendered":"Info"},"content":{"rendered":"<p>\u00d6sterberga G\u00e5rd &#8211; Bed &amp; Breakfast liegt in Hassler\u00f6r, ca. 6 km n\u00f6rdlich von Mariestad. Hier &#8211; an der E20 &#8211; gibt es eine Tankstelle mit Gastst\u00e4tte und Einkaufsladen. Der Weg von dort zum Hof kann zu Fu\u00df zur\u00fcckgelegt werden, der Weg ist ausgeschildert.<\/p>\n<p>Wir haben vier Doppelzimmer, die in dem einen Fl\u00fcgelgeb\u00e4ude des Hofes untergebracht sind. Das Haus wurde 1854 erbaut und vieles der Inneneinrichtung ist noch original. Im Eingangsbereich befinden sich jedoch zwei neue Badezimmer, die man mit den G\u00e4sten der anderen Zimmer teilt. Der Zimmerpreis pro Nacht betr\u00e4gt SEK 850:-, wenn man zu zweit anreist. Ist man alleine, so betr\u00e4gt der Preis SEK 500:-. Im Preis enthalten sind Handt\u00fccher, Bettw\u00e4sche, Fr\u00fchst\u00fcck und Reinigung.<br \/>\n<a href=\"http:\/\/www.vastsverige.com\/sv\/mariestad\/products\/42514\/Osterberga-gard-Bed-Breakfast\/\" target=\"_blank\" rel=\"noopener\">Bestellen online<\/a>\u00a0(info@osterbergagard.se)<\/p>\n<p style=\"text-align: center;\"><a href=\"http:\/\/media.osterbergagard.se\/2014\/05\/DSC07278-e1401310225837.jpg\"><img loading=\"lazy\" decoding=\"async\" class=\"aligncenter  wp-image-173\" src=\"http:\/\/media.osterbergagard.se\/2014\/05\/DSC07278-e1401310225837.jpg\" alt=\"SONY DSC\" width=\"537\" height=\"358\" \/><\/a><\/p>\n<p style=\"text-align: center;\"><a href=\"http:\/\/media.osterbergagard.se\/2011\/05\/DSC08634.jpg\"><img loading=\"lazy\" decoding=\"async\" class=\"aligncenter  wp-image-196\" src=\"http:\/\/media.osterbergagard.se\/2011\/05\/DSC08634.jpg\" alt=\"SONY DSC\" width=\"539\" height=\"359\" srcset=\"http:\/\/media.osterbergagard.se\/2011\/05\/DSC08634.jpg 1000w, http:\/\/media.osterbergagard.se\/2011\/05\/DSC08634-300x199.jpg 300w\" sizes=\"auto, (max-width: 539px) 100vw, 539px\" \/><\/a><\/p>\n","protected":false},"excerpt":{"rendered":"<p>\u00d6sterberga G\u00e5rd &#8211; Bed &amp; Breakfast liegt in Hassler\u00f6r, ca. 6 km n\u00f6rdlich von Mariestad. Hier &#8211; an der E20 &#8211; gibt es eine Tankstelle mit Gastst\u00e4tte und Einkaufsladen. Der Weg von dort zum Hof kann zu Fu\u00df zur\u00fcckgelegt werden, der Weg ist ausgeschildert. Wir haben vier Doppelzimmer, die in dem einen Fl\u00fcgelgeb\u00e4ude des Hofes &hellip; <a class=\"read-excerpt\" href=\"http:\/\/osterbergagard.se\/?page_id=29\">Continue reading <span class=\"meta-nav\">&raquo;<\/span><\/a><\/p>\n","protected":false},"author":1,"featured_media":0,"parent":7,"menu_order":1,"comment_status":"closed","ping_status":"open","template":"","meta":{"footnotes":""},"class_list":["post-29","page","type-page","status-publish","hentry"],"_links":{"self":[{"href":"http:\/\/osterbergagard.se\/index.php?rest_route=\/wp\/v2\/pages\/29","targetHints":{"allow":["GET"]}}],"collection":[{"href":"http:\/\/osterbergagard.se\/index.php?rest_route=\/wp\/v2\/pages"}],"about":[{"href":"http:\/\/osterbergagard.se\/index.php?rest_route=\/wp\/v2\/types\/page"}],"author":[{"embeddable":true,"href":"http:\/\/osterbergagard.se\/index.php?rest_route=\/wp\/v2\/users\/1"}],"replies":[{"embeddable":true,"href":"http:\/\/osterbergagard.se\/index.php?rest_route=%2Fwp%2Fv2%2Fcomments&post=29"}],"version-history":[{"count":13,"href":"http:\/\/osterbergagard.se\/index.php?rest_route=\/wp\/v2\/pages\/29\/revisions"}],"predecessor-version":[{"id":270,"href":"http:\/\/osterbergagard.se\/index.php?rest_route=\/wp\/v2\/pages\/29\/revisions\/270"}],"up":[{"embeddable":true,"href":"http:\/\/osterbergagard.se\/index.php?rest_route=\/wp\/v2\/pages\/7"}],"wp:attachment":[{"href":"http:\/\/osterbergagard.se\/index.php?rest_route=%2Fwp%2Fv2%2Fmedia&parent=29"}],"curies":[{"name":"wp","href":"https:\/\/api.w.org\/{rel}","templated":true}]}}